{"id":11977,"date":"2022-02-16T13:15:11","date_gmt":"2022-02-16T13:15:11","guid":{"rendered":"https:\/\/silly-heisenberg.70-35-202-176.plesk.page\/contactenos"},"modified":"2022-04-09T17:47:21","modified_gmt":"2022-04-09T17:47:21","slug":"contactenos","status":"publish","type":"page","link":"https:\/\/silly-heisenberg.70-35-202-176.plesk.page\/es\/contactenos","title":{"rendered":"Cont\u00e1ctenos"},"content":{"rendered":"\t\t<div data-elementor-type=\"wp-page\" data-elementor-id=\"11977\" class=\"elementor elementor-11977 elementor-4754\">\n\t\t\t\t\t\t<div class=\"elementor-inner\">\n\t\t\t\t<div class=\"elementor-section-wrap\">\n\t\t\t\t\t\t\t\t\t<section data-particle_enable=\"false\" data-particle-mobile-disabled=\"false\" class=\"elementor-section elementor-top-section elementor-element elementor-element-4f086b2 elementor-section-height-min-height elementor-section-boxed elementor-section-height-default elementor-section-items-middle\" data-id=\"4f086b2\" data-element_type=\"section\" data-settings=\"{&quot;background_background&quot;:&quot;classic&quot;}\">\n\t\t\t\t\t\t\t<div class=\"elementor-background-overlay\"><\/div>\n\t\t\t\t\t\t\t<div class=\"elementor-container elementor-column-gap-default\">\n\t\t\t\t\t\t\t<div class=\"elementor-row\">\n\t\t\t\t\t<div class=\"elementor-column elementor-col-100 elementor-top-column elementor-element elementor-element-1fc70f3\" data-id=\"1fc70f3\" data-element_type=\"column\">\n\t\t\t<div class=\"elementor-column-wrap elementor-element-populated\">\n\t\t\t\t\t\t\t<div class=\"elementor-widget-wrap\">\n\t\t\t\t\t\t<div class=\"elementor-element elementor-element-bd70c6e elementor-widget elementor-widget-heading\" data-id=\"bd70c6e\" data-element_type=\"widget\" data-widget_type=\"heading.default\">\n\t\t\t\t<div class=\"elementor-widget-container\">\n\t\t\t<h2 class=\"elementor-heading-title elementor-size-default\">Cont\u00e1ctenos<\/h2>\t\t<\/div>\n\t\t\t\t<\/div>\n\t\t\t\t\t\t<\/div>\n\t\t\t\t\t<\/div>\n\t\t<\/div>\n\t\t\t\t\t\t\t\t<\/div>\n\t\t\t\t\t<\/div>\n\t\t<\/section>\n\t\t\t\t<section data-particle_enable=\"false\" data-particle-mobile-disabled=\"false\" class=\"elementor-section elementor-top-section elementor-element elementor-element-6aba690 elementor-section-boxed elementor-section-height-default elementor-section-height-default\" data-id=\"6aba690\" data-element_type=\"section\" data-settings=\"{&quot;background_background&quot;:&quot;classic&quot;}\">\n\t\t\t\t\t\t\t<div class=\"elementor-background-overlay\"><\/div>\n\t\t\t\t\t\t\t<div class=\"elementor-container elementor-column-gap-default\">\n\t\t\t\t\t\t\t<div class=\"elementor-row\">\n\t\t\t\t\t<div class=\"elementor-column elementor-col-100 elementor-top-column elementor-element elementor-element-470412c\" data-id=\"470412c\" data-element_type=\"column\">\n\t\t\t<div class=\"elementor-column-wrap elementor-element-populated\">\n\t\t\t\t\t\t\t<div class=\"elementor-widget-wrap\">\n\t\t\t\t\t\t<div class=\"elementor-element elementor-element-56b719a elementor-widget elementor-widget-heading\" data-id=\"56b719a\" data-element_type=\"widget\" data-widget_type=\"heading.default\">\n\t\t\t\t<div class=\"elementor-widget-container\">\n\t\t\t<h2 class=\"elementor-heading-title elementor-size-default\">P\u00f3ngase en contacto Childsafeguarding.com<\/h2>\t\t<\/div>\n\t\t\t\t<\/div>\n\t\t\t\t<div class=\"elementor-element elementor-element-ccc5bdc elementor-widget elementor-widget-spacer\" data-id=\"ccc5bdc\" data-element_type=\"widget\" data-widget_type=\"spacer.default\">\n\t\t\t\t<div class=\"elementor-widget-container\">\n\t\t\t\t\t<div class=\"elementor-spacer\">\n\t\t\t<div class=\"elementor-spacer-inner\"><\/div>\n\t\t<\/div>\n\t\t\t\t<\/div>\n\t\t\t\t<\/div>\n\t\t\t\t<div class=\"elementor-element elementor-element-1394751 elementor-button-align-stretch elementor-widget elementor-widget-form\" data-id=\"1394751\" data-element_type=\"widget\" data-settings=\"{&quot;button_width&quot;:&quot;20&quot;,&quot;step_next_label&quot;:&quot;Siguiente&quot;,&quot;step_previous_label&quot;:&quot;Anterior&quot;,&quot;step_type&quot;:&quot;number_text&quot;,&quot;step_icon_shape&quot;:&quot;circle&quot;}\" data-widget_type=\"form.default\">\n\t\t\t\t<div class=\"elementor-widget-container\">\n\t\t\t\t\t<form class=\"elementor-form\" method=\"post\" name=\"P\u00e1gina de Contacto\">\n\t\t\t<input type=\"hidden\" name=\"post_id\" value=\"11977\"\/>\n\t\t\t<input type=\"hidden\" name=\"form_id\" value=\"1394751\"\/>\n\t\t\t<input type=\"hidden\" name=\"referer_title\" value=\"ChildSafeguarding.com\" \/>\n\n\t\t\t\n\t\t\t<div class=\"elementor-form-fields-wrapper elementor-labels-above\">\n\t\t\t\t\t\t\t\t<div class=\"elementor-field-type-text elementor-field-group elementor-column elementor-field-group-name elementor-col-100 elementor-field-required\">\n\t\t\t\t\t\t\t\t\t\t\t\t<label for=\"form-field-name\" class=\"elementor-field-label\">\n\t\t\t\t\t\t\t\tNombre *\t\t\t\t\t\t\t<\/label>\n\t\t\t\t\t\t\t\t\t\t\t\t\t\t<input size=\"1\" type=\"text\" name=\"form_fields[name]\" id=\"form-field-name\" class=\"elementor-field elementor-size-sm  elementor-field-textual\" placeholder=\"Nombre\" required=\"required\" aria-required=\"true\">\n\t\t\t\t\t\t\t\t\t\t\t<\/div>\n\t\t\t\t\t\t\t\t<div class=\"elementor-field-type-text elementor-field-group elementor-column elementor-field-group-field_8c6dbba elementor-col-100\">\n\t\t\t\t\t\t\t\t\t\t\t\t<label for=\"form-field-field_8c6dbba\" class=\"elementor-field-label\">\n\t\t\t\t\t\t\t\tNombre de la Organizaci\u00f3n\t\t\t\t\t\t\t<\/label>\n\t\t\t\t\t\t\t\t\t\t\t\t\t\t<input size=\"1\" type=\"text\" name=\"form_fields[field_8c6dbba]\" id=\"form-field-field_8c6dbba\" class=\"elementor-field elementor-size-sm  elementor-field-textual\" placeholder=\"Nombre de la Organizaci\u00f3n\">\n\t\t\t\t\t\t\t\t\t\t\t<\/div>\n\t\t\t\t\t\t\t\t<div class=\"elementor-field-type-text elementor-field-group elementor-column elementor-field-group-field_566ba60 elementor-col-100\">\n\t\t\t\t\t\t\t\t\t\t\t\t<label for=\"form-field-field_566ba60\" class=\"elementor-field-label\">\n\t\t\t\t\t\t\t\tNombre del Empleo\t\t\t\t\t\t\t<\/label>\n\t\t\t\t\t\t\t\t\t\t\t\t\t\t<input size=\"1\" type=\"text\" name=\"form_fields[field_566ba60]\" id=\"form-field-field_566ba60\" class=\"elementor-field elementor-size-sm  elementor-field-textual\" placeholder=\"Nombre del Empleo\">\n\t\t\t\t\t\t\t\t\t\t\t<\/div>\n\t\t\t\t\t\t\t\t<div class=\"elementor-field-type-email elementor-field-group elementor-column elementor-field-group-email elementor-col-100 elementor-field-required\">\n\t\t\t\t\t\t\t\t\t\t\t\t<label for=\"form-field-email\" class=\"elementor-field-label\">\n\t\t\t\t\t\t\t\tCorreo Electr\u00f3nico *\t\t\t\t\t\t\t<\/label>\n\t\t\t\t\t\t\t\t\t\t\t\t\t\t<input size=\"1\" type=\"email\" name=\"form_fields[email]\" id=\"form-field-email\" class=\"elementor-field elementor-size-sm  elementor-field-textual\" placeholder=\"Correo Electr\u00f3nico\" required=\"required\" aria-required=\"true\">\n\t\t\t\t\t\t\t\t\t\t\t<\/div>\n\t\t\t\t\t\t\t\t<div class=\"elementor-field-type-checkbox elementor-field-group elementor-column elementor-field-group-field_8179641 elementor-col-100\">\n\t\t\t\t\t\t\t\t\t\t\t\t<label for=\"form-field-field_8179641\" class=\"elementor-field-label\">\n\t\t\t\t\t\t\t\tAsunto\t\t\t\t\t\t\t<\/label>\n\t\t\t\t\t\t<div class=\"elementor-field-subgroup  \"><span class=\"elementor-field-option\"><input type=\"checkbox\" value=\"Ventas\" id=\"form-field-field_8179641-0\" name=\"form_fields[field_8179641][]\"> <label for=\"form-field-field_8179641-0\">Ventas<\/label><\/span><span class=\"elementor-field-option\"><input type=\"checkbox\" value=\"Empleos\" id=\"form-field-field_8179641-1\" name=\"form_fields[field_8179641][]\"> <label for=\"form-field-field_8179641-1\">Empleos<\/label><\/span><span class=\"elementor-field-option\"><input type=\"checkbox\" value=\"Atenci\u00f3n al Cliente\" id=\"form-field-field_8179641-2\" name=\"form_fields[field_8179641][]\"> <label for=\"form-field-field_8179641-2\">Atenci\u00f3n al Cliente<\/label><\/span><span class=\"elementor-field-option\"><input type=\"checkbox\" value=\"Consulta de Idiomas\" id=\"form-field-field_8179641-3\" name=\"form_fields[field_8179641][]\"> <label for=\"form-field-field_8179641-3\">Consulta de Idiomas<\/label><\/span><span class=\"elementor-field-option\"><input type=\"checkbox\" value=\"Otro\" id=\"form-field-field_8179641-4\" name=\"form_fields[field_8179641][]\"> <label for=\"form-field-field_8179641-4\">Otro<\/label><\/span><\/div>\t\t\t\t<\/div>\n\t\t\t\t\t\t\t\t<div class=\"elementor-field-type-textarea elementor-field-group elementor-column elementor-field-group-message elementor-col-100\">\n\t\t\t\t\t\t\t\t\t\t\t\t<label for=\"form-field-message\" class=\"elementor-field-label\">\n\t\t\t\t\t\t\t\tMensaje\t\t\t\t\t\t\t<\/label>\n\t\t\t\t\t\t<textarea class=\"elementor-field-textual elementor-field  elementor-size-sm\" name=\"form_fields[message]\" id=\"form-field-message\" rows=\"4\" placeholder=\"Por favor, d\u00edganos m\u00e1s\u2026\"><\/textarea>\t\t\t\t<\/div>\n\t\t\t\t\t\t\t\t<div class=\"elementor-field-type-recaptcha_v3 elementor-field-group elementor-column elementor-field-group-field_0085673 elementor-col-100 recaptcha_v3-bottomleft\">\n\t\t\t\t\t<div class=\"elementor-field\" id=\"form-field-field_0085673\"><div class=\"elementor-g-recaptcha\" data-sitekey=\"6LdIArseAAAAAEEOfmuUbRlPMIuutSy_kESFmO0d\" data-type=\"v3\" data-action=\"Form\" data-badge=\"bottomleft\" data-size=\"invisible\"><\/div><\/div>\t\t\t\t<\/div>\n\t\t\t\t\t\t\t\t<div class=\"elementor-field-group elementor-column elementor-field-type-submit elementor-col-20 e-form__buttons\">\n\t\t\t\t\t<button type=\"submit\" class=\"elementor-button elementor-size-sm\">\n\t\t\t\t\t\t<span >\n\t\t\t\t\t\t\t\t\t\t\t\t\t\t\t<span class=\" elementor-button-icon\">\n\t\t\t\t\t\t\t\t\t\t\t\t\t\t\t\t\t\t\t\t\t\t\t\t\t\t<\/span>\n\t\t\t\t\t\t\t\t\t\t\t\t\t\t\t\t\t\t\t\t\t\t<span class=\"elementor-button-text\">Enviar<\/span>\n\t\t\t\t\t\t\t\t\t\t\t\t\t<\/span>\n\t\t\t\t\t<\/button>\n\t\t\t\t<\/div>\n\t\t\t<\/div>\n\t\t<\/form>\n\t\t\t\t<\/div>\n\t\t\t\t<\/div>\n\t\t\t\t<div class=\"elementor-element elementor-element-fcf2584 elementor-widget elementor-widget-spacer\" data-id=\"fcf2584\" data-element_type=\"widget\" data-widget_type=\"spacer.default\">\n\t\t\t\t<div class=\"elementor-widget-container\">\n\t\t\t\t\t<div class=\"elementor-spacer\">\n\t\t\t<div class=\"elementor-spacer-inner\"><\/div>\n\t\t<\/div>\n\t\t\t\t<\/div>\n\t\t\t\t<\/div>\n\t\t\t\t\t\t<\/div>\n\t\t\t\t\t<\/div>\n\t\t<\/div>\n\t\t\t\t\t\t\t\t<\/div>\n\t\t\t\t\t<\/div>\n\t\t<\/section>\n\t\t\t\t\t\t\t\t\t<\/div>\n\t\t\t<\/div>\n\t\t\t\t\t<\/div>\n\t\t","protected":false},"excerpt":{"rendered":"<p>Cont\u00e1ctenos P\u00f3ngase en contacto Childsafeguarding.com<\/p>\n","protected":false},"author":1,"featured_media":0,"parent":0,"menu_order":0,"comment_status":"closed","ping_status":"closed","template":"elementor_header_footer","meta":{"_mi_skip_tracking":false},"wf_page_folders":[26],"yoast_head":"<!-- This site is optimized with the Yoast SEO Premium plugin v18.0 (Yoast SEO v19.9) - https:\/\/yoast.com\/wordpress\/plugins\/seo\/ -->\n<title>Cont\u00e1ctenos - ChildSafeguarding.com<\/title>\n<meta name=\"robots\" content=\"index, follow, max-snippet:-1, max-image-preview:large, max-video-preview:-1\" \/>\n<link rel=\"canonical\" href=\"https:\/\/silly-heisenberg.70-35-202-176.plesk.page\/es\/contactenos\" \/>\n<meta property=\"og:locale\" content=\"es_ES\" \/>\n<meta property=\"og:type\" content=\"article\" \/>\n<meta property=\"og:title\" content=\"Cont\u00e1ctenos\" \/>\n<meta property=\"og:description\" content=\"Cont\u00e1ctenos P\u00f3ngase en contacto Childsafeguarding.com\" \/>\n<meta property=\"og:url\" content=\"https:\/\/silly-heisenberg.70-35-202-176.plesk.page\/es\/contactenos\" \/>\n<meta property=\"og:site_name\" content=\"ChildSafeguarding.com\" \/>\n<meta property=\"article:publisher\" content=\"https:\/\/www.facebook.com\/childsafeaware\" \/>\n<meta property=\"article:modified_time\" content=\"2022-04-09T17:47:21+00:00\" \/>\n<meta property=\"og:image\" content=\"https:\/\/silly-heisenberg.70-35-202-176.plesk.page\/wp-content\/uploads\/2022\/02\/Universally-Accessible-Child-Protection-Training-ChildSafeguarding.com_.png\" \/>\n<meta name=\"twitter:card\" content=\"summary_large_image\" \/>\n<meta name=\"twitter:site\" content=\"@childsafeaware\" \/>\n<script type=\"application\/ld+json\" class=\"yoast-schema-graph\">{\"@context\":\"https:\/\/schema.org\",\"@graph\":[{\"@type\":\"WebPage\",\"@id\":\"https:\/\/silly-heisenberg.70-35-202-176.plesk.page\/es\/contactenos\",\"url\":\"https:\/\/silly-heisenberg.70-35-202-176.plesk.page\/es\/contactenos\",\"name\":\"Cont\u00e1ctenos - ChildSafeguarding.com\",\"isPartOf\":{\"@id\":\"https:\/\/silly-heisenberg.70-35-202-176.plesk.page\/#website\"},\"datePublished\":\"2022-02-16T13:15:11+00:00\",\"dateModified\":\"2022-04-09T17:47:21+00:00\",\"breadcrumb\":{\"@id\":\"https:\/\/silly-heisenberg.70-35-202-176.plesk.page\/es\/contactenos#breadcrumb\"},\"inLanguage\":\"es\",\"potentialAction\":[{\"@type\":\"ReadAction\",\"target\":[\"https:\/\/silly-heisenberg.70-35-202-176.plesk.page\/es\/contactenos\"]}]},{\"@type\":\"BreadcrumbList\",\"@id\":\"https:\/\/silly-heisenberg.70-35-202-176.plesk.page\/es\/contactenos#breadcrumb\",\"itemListElement\":[{\"@type\":\"ListItem\",\"position\":1,\"name\":\"Home\",\"item\":\"https:\/\/silly-heisenberg.70-35-202-176.plesk.page\/es\"},{\"@type\":\"ListItem\",\"position\":2,\"name\":\"Cont\u00e1ctenos\"}]},{\"@type\":\"WebSite\",\"@id\":\"https:\/\/silly-heisenberg.70-35-202-176.plesk.page\/#website\",\"url\":\"https:\/\/silly-heisenberg.70-35-202-176.plesk.page\/\",\"name\":\"ChildSafeguarding.com\",\"description\":\"Child Protection Training for School Support Staff\",\"publisher\":{\"@id\":\"https:\/\/silly-heisenberg.70-35-202-176.plesk.page\/#organization\"},\"potentialAction\":[{\"@type\":\"SearchAction\",\"target\":{\"@type\":\"EntryPoint\",\"urlTemplate\":\"https:\/\/silly-heisenberg.70-35-202-176.plesk.page\/?s={search_term_string}\"},\"query-input\":\"required name=search_term_string\"}],\"inLanguage\":\"es\"},{\"@type\":\"Organization\",\"@id\":\"https:\/\/silly-heisenberg.70-35-202-176.plesk.page\/#organization\",\"name\":\"Childsafeguarding.com\",\"url\":\"https:\/\/silly-heisenberg.70-35-202-176.plesk.page\/\",\"logo\":{\"@type\":\"ImageObject\",\"inLanguage\":\"es\",\"@id\":\"https:\/\/silly-heisenberg.70-35-202-176.plesk.page\/#\/schema\/logo\/image\/\",\"url\":\"https:\/\/silly-heisenberg.70-35-202-176.plesk.page\/wp-content\/uploads\/2020\/05\/CSG_Logo_100219_01.png\",\"contentUrl\":\"https:\/\/silly-heisenberg.70-35-202-176.plesk.page\/wp-content\/uploads\/2020\/05\/CSG_Logo_100219_01.png\",\"width\":1200,\"height\":229,\"caption\":\"Childsafeguarding.com\"},\"image\":{\"@id\":\"https:\/\/silly-heisenberg.70-35-202-176.plesk.page\/#\/schema\/logo\/image\/\"},\"sameAs\":[\"https:\/\/www.facebook.com\/childsafeaware\",\"https:\/\/twitter.com\/childsafeaware\"]}]}<\/script>\n<!-- \/ Yoast SEO Premium plugin. -->","yoast_head_json":{"title":"Cont\u00e1ctenos - ChildSafeguarding.com","robots":{"index":"index","follow":"follow","max-snippet":"max-snippet:-1","max-image-preview":"max-image-preview:large","max-video-preview":"max-video-preview:-1"},"canonical":"https:\/\/silly-heisenberg.70-35-202-176.plesk.page\/es\/contactenos","og_locale":"es_ES","og_type":"article","og_title":"Cont\u00e1ctenos","og_description":"Cont\u00e1ctenos P\u00f3ngase en contacto Childsafeguarding.com","og_url":"https:\/\/silly-heisenberg.70-35-202-176.plesk.page\/es\/contactenos","og_site_name":"ChildSafeguarding.com","article_publisher":"https:\/\/www.facebook.com\/childsafeaware","article_modified_time":"2022-04-09T17:47:21+00:00","og_image":[{"url":"https:\/\/silly-heisenberg.70-35-202-176.plesk.page\/wp-content\/uploads\/2022\/02\/Universally-Accessible-Child-Protection-Training-ChildSafeguarding.com_.png"}],"twitter_card":"summary_large_image","twitter_site":"@childsafeaware","schema":{"@context":"https:\/\/schema.org","@graph":[{"@type":"WebPage","@id":"https:\/\/silly-heisenberg.70-35-202-176.plesk.page\/es\/contactenos","url":"https:\/\/silly-heisenberg.70-35-202-176.plesk.page\/es\/contactenos","name":"Cont\u00e1ctenos - ChildSafeguarding.com","isPartOf":{"@id":"https:\/\/silly-heisenberg.70-35-202-176.plesk.page\/#website"},"datePublished":"2022-02-16T13:15:11+00:00","dateModified":"2022-04-09T17:47:21+00:00","breadcrumb":{"@id":"https:\/\/silly-heisenberg.70-35-202-176.plesk.page\/es\/contactenos#breadcrumb"},"inLanguage":"es","potentialAction":[{"@type":"ReadAction","target":["https:\/\/silly-heisenberg.70-35-202-176.plesk.page\/es\/contactenos"]}]},{"@type":"BreadcrumbList","@id":"https:\/\/silly-heisenberg.70-35-202-176.plesk.page\/es\/contactenos#breadcrumb","itemListElement":[{"@type":"ListItem","position":1,"name":"Home","item":"https:\/\/silly-heisenberg.70-35-202-176.plesk.page\/es"},{"@type":"ListItem","position":2,"name":"Cont\u00e1ctenos"}]},{"@type":"WebSite","@id":"https:\/\/silly-heisenberg.70-35-202-176.plesk.page\/#website","url":"https:\/\/silly-heisenberg.70-35-202-176.plesk.page\/","name":"ChildSafeguarding.com","description":"Child Protection Training for School Support Staff","publisher":{"@id":"https:\/\/silly-heisenberg.70-35-202-176.plesk.page\/#organization"},"potentialAction":[{"@type":"SearchAction","target":{"@type":"EntryPoint","urlTemplate":"https:\/\/silly-heisenberg.70-35-202-176.plesk.page\/?s={search_term_string}"},"query-input":"required name=search_term_string"}],"inLanguage":"es"},{"@type":"Organization","@id":"https:\/\/silly-heisenberg.70-35-202-176.plesk.page\/#organization","name":"Childsafeguarding.com","url":"https:\/\/silly-heisenberg.70-35-202-176.plesk.page\/","logo":{"@type":"ImageObject","inLanguage":"es","@id":"https:\/\/silly-heisenberg.70-35-202-176.plesk.page\/#\/schema\/logo\/image\/","url":"https:\/\/silly-heisenberg.70-35-202-176.plesk.page\/wp-content\/uploads\/2020\/05\/CSG_Logo_100219_01.png","contentUrl":"https:\/\/silly-heisenberg.70-35-202-176.plesk.page\/wp-content\/uploads\/2020\/05\/CSG_Logo_100219_01.png","width":1200,"height":229,"caption":"Childsafeguarding.com"},"image":{"@id":"https:\/\/silly-heisenberg.70-35-202-176.plesk.page\/#\/schema\/logo\/image\/"},"sameAs":["https:\/\/www.facebook.com\/childsafeaware","https:\/\/twitter.com\/childsafeaware"]}]}},"_links":{"self":[{"href":"https:\/\/silly-heisenberg.70-35-202-176.plesk.page\/es\/wp-json\/wp\/v2\/pages\/11977"}],"collection":[{"href":"https:\/\/silly-heisenberg.70-35-202-176.plesk.page\/es\/wp-json\/wp\/v2\/pages"}],"about":[{"href":"https:\/\/silly-heisenberg.70-35-202-176.plesk.page\/es\/wp-json\/wp\/v2\/types\/page"}],"author":[{"embeddable":true,"href":"https:\/\/silly-heisenberg.70-35-202-176.plesk.page\/es\/wp-json\/wp\/v2\/users\/1"}],"replies":[{"embeddable":true,"href":"https:\/\/silly-heisenberg.70-35-202-176.plesk.page\/es\/wp-json\/wp\/v2\/comments?post=11977"}],"version-history":[{"count":0,"href":"https:\/\/silly-heisenberg.70-35-202-176.plesk.page\/es\/wp-json\/wp\/v2\/pages\/11977\/revisions"}],"wp:attachment":[{"href":"https:\/\/silly-heisenberg.70-35-202-176.plesk.page\/es\/wp-json\/wp\/v2\/media?parent=11977"}],"wp:term":[{"taxonomy":"wf_page_folders","embeddable":true,"href":"https:\/\/silly-heisenberg.70-35-202-176.plesk.page\/es\/wp-json\/wp\/v2\/wf_page_folders?post=11977"}],"curies":[{"name":"wp","href":"https:\/\/api.w.org\/{rel}","templated":true}]}}