{"id":14090,"date":"2022-02-03T13:12:46","date_gmt":"2022-02-03T13:12:46","guid":{"rendered":"https:\/\/silly-heisenberg.70-35-202-176.plesk.page\/lista-de-testimonios-para-proveedores-de-servicios"},"modified":"2022-05-15T15:25:49","modified_gmt":"2022-05-15T15:25:49","slug":"lista-de-testimonios-para-proveedores-de-servicios","status":"publish","type":"page","link":"https:\/\/silly-heisenberg.70-35-202-176.plesk.page\/es\/lista-de-testimonios-para-proveedores-de-servicios","title":{"rendered":"Lista de testimonios para proveedores de servicios"},"content":{"rendered":"\t\t<div data-elementor-type=\"wp-page\" data-elementor-id=\"14090\" class=\"elementor elementor-14090 elementor-3111\">\n\t\t\t\t\t\t<div class=\"elementor-inner\">\n\t\t\t\t<div class=\"elementor-section-wrap\">\n\t\t\t\t\t\t\t\t\t<section data-particle_enable=\"false\" data-particle-mobile-disabled=\"false\" class=\"elementor-section elementor-top-section elementor-element elementor-element-4f086b2 elementor-section-height-min-height elementor-section-boxed elementor-section-height-default elementor-section-items-middle\" data-id=\"4f086b2\" data-element_type=\"section\" data-settings=\"{&quot;background_background&quot;:&quot;classic&quot;}\">\n\t\t\t\t\t\t\t<div class=\"elementor-background-overlay\"><\/div>\n\t\t\t\t\t\t\t<div class=\"elementor-container elementor-column-gap-default\">\n\t\t\t\t\t\t\t<div class=\"elementor-row\">\n\t\t\t\t\t<div class=\"elementor-column elementor-col-100 elementor-top-column elementor-element elementor-element-1fc70f3\" data-id=\"1fc70f3\" data-element_type=\"column\">\n\t\t\t<div class=\"elementor-column-wrap elementor-element-populated\">\n\t\t\t\t\t\t\t<div class=\"elementor-widget-wrap\">\n\t\t\t\t\t\t<div class=\"elementor-element elementor-element-bd70c6e elementor-widget elementor-widget-heading\" data-id=\"bd70c6e\" data-element_type=\"widget\" data-widget_type=\"heading.default\">\n\t\t\t\t<div class=\"elementor-widget-container\">\n\t\t\t<h2 class=\"elementor-heading-title elementor-size-default\">Testimonios de Clientes <br>PROVEEDORES DE SERVICIO<\/h2>\t\t<\/div>\n\t\t\t\t<\/div>\n\t\t\t\t\t\t<\/div>\n\t\t\t\t\t<\/div>\n\t\t<\/div>\n\t\t\t\t\t\t\t\t<\/div>\n\t\t\t\t\t<\/div>\n\t\t<\/section>\n\t\t\t\t<section data-particle_enable=\"false\" data-particle-mobile-disabled=\"false\" class=\"elementor-section elementor-top-section elementor-element elementor-element-9b63f28 elementor-section-boxed elementor-section-height-default elementor-section-height-default\" data-id=\"9b63f28\" data-element_type=\"section\" data-settings=\"{&quot;background_background&quot;:&quot;classic&quot;}\">\n\t\t\t\t\t\t\t<div class=\"elementor-background-overlay\"><\/div>\n\t\t\t\t\t\t\t<div class=\"elementor-container elementor-column-gap-default\">\n\t\t\t\t\t\t\t<div class=\"elementor-row\">\n\t\t\t\t\t<div class=\"elementor-column elementor-col-100 elementor-top-column elementor-element elementor-element-f2a07d1\" data-id=\"f2a07d1\" data-element_type=\"column\">\n\t\t\t<div class=\"elementor-column-wrap elementor-element-populated\">\n\t\t\t\t\t\t\t<div class=\"elementor-widget-wrap\">\n\t\t\t\t\t\t<div class=\"elementor-element elementor-element-fb150ed elementor-widget elementor-widget-text-editor\" data-id=\"fb150ed\" data-element_type=\"widget\" data-widget_type=\"text-editor.default\">\n\t\t\t\t<div class=\"elementor-widget-container\">\n\t\t\t\t\t\t\t\t<div class=\"elementor-text-editor elementor-clearfix\">\n\t\t\t\t<p>Los proveedores de servicios son proveedores externos contratados que ofrecen servicios a una escuela. Sus empleados deben estar capacitados con el mismo est\u00e1ndar de Protecci\u00f3n Infantil que el personal empleado directamente por la escuela. ChildSafeguarding.com fue dise\u00f1ado para trabajar con proveedores y escuelas.<\/p><p>Lea m\u00e1s sobre sus experiencias con ChildSafeguarding.com.<\/p>\t\t\t\t\t<\/div>\n\t\t\t\t\t\t<\/div>\n\t\t\t\t<\/div>\n\t\t\t\t<div class=\"elementor-element elementor-element-b00bc74 elementor-widget elementor-widget-spacer\" data-id=\"b00bc74\" data-element_type=\"widget\" data-widget_type=\"spacer.default\">\n\t\t\t\t<div class=\"elementor-widget-container\">\n\t\t\t\t\t<div class=\"elementor-spacer\">\n\t\t\t<div class=\"elementor-spacer-inner\"><\/div>\n\t\t<\/div>\n\t\t\t\t<\/div>\n\t\t\t\t<\/div>\n\t\t\t\t<div class=\"elementor-element elementor-element-88cf192 elementor-widget-divider--view-line elementor-widget elementor-widget-divider\" data-id=\"88cf192\" data-element_type=\"widget\" data-widget_type=\"divider.default\">\n\t\t\t\t<div class=\"elementor-widget-container\">\n\t\t\t\t\t<div class=\"elementor-divider\">\n\t\t\t<span class=\"elementor-divider-separator\">\n\t\t\t\t\t\t<\/span>\n\t\t<\/div>\n\t\t\t\t<\/div>\n\t\t\t\t<\/div>\n\t\t\t\t<div class=\"elementor-element elementor-element-5accd8e elementor-widget elementor-widget-heading\" data-id=\"5accd8e\" data-element_type=\"widget\" data-widget_type=\"heading.default\">\n\t\t\t\t<div class=\"elementor-widget-container\">\n\t\t\t<h2 class=\"elementor-heading-title elementor-size-default\">Testimonios<\/h2>\t\t<\/div>\n\t\t\t\t<\/div>\n\t\t\t\t<div class=\"elementor-element elementor-element-57b7a9c elementor-widget elementor-widget-spacer\" data-id=\"57b7a9c\" data-element_type=\"widget\" data-widget_type=\"spacer.default\">\n\t\t\t\t<div class=\"elementor-widget-container\">\n\t\t\t\t\t<div class=\"elementor-spacer\">\n\t\t\t<div class=\"elementor-spacer-inner\"><\/div>\n\t\t<\/div>\n\t\t\t\t<\/div>\n\t\t\t\t<\/div>\n\t\t\t\t<div class=\"elementor-element elementor-element-e076ec7 elementor-widget elementor-widget-shortcode\" data-id=\"e076ec7\" data-element_type=\"widget\" data-widget_type=\"shortcode.default\">\n\t\t\t\t<div class=\"elementor-widget-container\">\n\t\t\t\t\t<div class=\"elementor-shortcode\"><div class=\"strong-view strong-view-id-10 modern wpmtst-modern\" data-count=4><div class=\"strong-content strong-normal columns-1\"><div class=\"wpmtst-testimonial testimonial post-13849\"><div class=\"wpmtst-testimonial-inner testimonial-inner\"><div   class=\"wpmtst-testimonial-content  testimonial-content\"><h3 class=\"wpmtst-testimonial-heading testimonial-heading\">Program Director<\/h3><p>Matt was fantastic getting our Organisation started and certified as a whole Organisation. The program from administration to delivery is straightforward to set up and maintain. The ease of it being self-directive makes this certificate very accessible. I would highly recommend any Organisation to use this program as part of their child safeguarding framework. The program reminds us that it takes a village to support and nurture children enabling them to thrive.<\/p><\/div><div class=\"clear\"><\/div><\/div><\/div><div class=\"wpmtst-testimonial testimonial post-13832\"><div class=\"wpmtst-testimonial-inner testimonial-inner\"><div   class=\"wpmtst-testimonial-content  testimonial-content\"><h3 class=\"wpmtst-testimonial-heading testimonial-heading\">CEO<\/h3><p>As an organisation that provides trusted transportation services to schoolchildren, we are glad to be better equipped to handle child safeguarding issues through the training that our crew and staff have undergone. The instructional content was well designed so that all levels of learners could easily understand the basic tenets in the language of their choice.<\/p><\/div><div class=\"clear\"><\/div><\/div><\/div><div class=\"wpmtst-testimonial testimonial post-13864\"><div class=\"wpmtst-testimonial-inner testimonial-inner\"><div   class=\"wpmtst-testimonial-content  testimonial-content\"><h3 class=\"wpmtst-testimonial-heading testimonial-heading\">Executive Director<\/h3><p>As an organization working with children ChildSafeguarding.com child protection training is vital to our organization.As our educators gets unique insight into how children are developing, behaving, and interacting with others.Which helps them to spot signs of abuse, be that physical or mental.<\/p><\/div><div class=\"clear\"><\/div><\/div><\/div><div class=\"wpmtst-testimonial testimonial post-13851\"><div class=\"wpmtst-testimonial-inner testimonial-inner\"><div   class=\"wpmtst-testimonial-content  testimonial-content\"><h3 class=\"wpmtst-testimonial-heading testimonial-heading\">Educational Planning Senior Consultant<\/h3><p>ChildSafeguarding.com increases public awareness of child well-being and child\u2019s safety.<\/p><\/div><div class=\"clear\"><\/div><\/div><\/div><\/div><\/div><\/div>\n\t\t\t\t<\/div>\n\t\t\t\t<\/div>\n\t\t\t\t\t\t<\/div>\n\t\t\t\t\t<\/div>\n\t\t<\/div>\n\t\t\t\t\t\t\t\t<\/div>\n\t\t\t\t\t<\/div>\n\t\t<\/section>\n\t\t\t\t<section data-particle_enable=\"false\" data-particle-mobile-disabled=\"false\" class=\"elementor-section elementor-top-section elementor-element elementor-element-0aa7dc5 elementor-section-full_width elementor-section-height-default elementor-section-height-default\" data-id=\"0aa7dc5\" data-element_type=\"section\">\n\t\t\t\t\t\t<div class=\"elementor-container elementor-column-gap-default\">\n\t\t\t\t\t\t\t<div class=\"elementor-row\">\n\t\t\t\t\t<div class=\"elementor-column elementor-col-100 elementor-top-column elementor-element elementor-element-f60e158\" data-id=\"f60e158\" data-element_type=\"column\">\n\t\t\t<div class=\"elementor-column-wrap elementor-element-populated\">\n\t\t\t\t\t\t\t<div class=\"elementor-widget-wrap\">\n\t\t\t\t\t\t<div class=\"elementor-element elementor-element-f4549a1 elementor-widget elementor-widget-template\" data-id=\"f4549a1\" data-element_type=\"widget\" data-widget_type=\"template.default\">\n\t\t\t\t<div class=\"elementor-widget-container\">\n\t\t\t\t\t<div class=\"elementor-template\">\n\t\t\t\t\t<div data-elementor-type=\"section\" data-elementor-id=\"12118\" class=\"elementor elementor-12118 elementor-5584\">\n\t\t\t\t\t<div class=\"elementor-section-wrap\">\n\t\t\t\t\t\t\t\t<section data-particle_enable=\"false\" data-particle-mobile-disabled=\"false\" class=\"elementor-section elementor-top-section elementor-element elementor-element-fa4622d elementor-section-boxed elementor-section-height-default elementor-section-height-default\" data-id=\"fa4622d\" data-element_type=\"section\" data-settings=\"{&quot;background_background&quot;:&quot;classic&quot;}\">\n\t\t\t\t\t\t\t<div class=\"elementor-background-overlay\"><\/div>\n\t\t\t\t\t\t\t<div class=\"elementor-container elementor-column-gap-default\">\n\t\t\t\t\t\t\t<div class=\"elementor-row\">\n\t\t\t\t\t<div class=\"elementor-column elementor-col-100 elementor-top-column elementor-element elementor-element-aad0541\" data-id=\"aad0541\" data-element_type=\"column\">\n\t\t\t<div class=\"elementor-column-wrap elementor-element-populated\">\n\t\t\t\t\t\t\t<div class=\"elementor-widget-wrap\">\n\t\t\t\t\t\t<section data-particle_enable=\"false\" data-particle-mobile-disabled=\"false\" class=\"elementor-section elementor-inner-section elementor-element elementor-element-14fe568 elementor-section-boxed elementor-section-height-default elementor-section-height-default\" data-id=\"14fe568\" data-element_type=\"section\">\n\t\t\t\t\t\t<div class=\"elementor-container elementor-column-gap-default\">\n\t\t\t\t\t\t\t<div class=\"elementor-row\">\n\t\t\t\t\t<div class=\"elementor-column elementor-col-50 elementor-inner-column elementor-element elementor-element-a0b5b83\" data-id=\"a0b5b83\" data-element_type=\"column\">\n\t\t\t<div class=\"elementor-column-wrap elementor-element-populated\">\n\t\t\t\t\t\t\t<div class=\"elementor-widget-wrap\">\n\t\t\t\t\t\t<div class=\"elementor-element elementor-element-a257402 elementor-widget elementor-widget-heading\" data-id=\"a257402\" data-element_type=\"widget\" data-widget_type=\"heading.default\">\n\t\t\t\t<div class=\"elementor-widget-container\">\n\t\t\t<h2 class=\"elementor-heading-title elementor-size-default\">PROGRAME UNA DEMOSTRACI\u00d3N<\/h2>\t\t<\/div>\n\t\t\t\t<\/div>\n\t\t\t\t<div class=\"elementor-element elementor-element-2ab7925 elementor-widget elementor-widget-text-editor\" data-id=\"2ab7925\" data-element_type=\"widget\" data-widget_type=\"text-editor.default\">\n\t\t\t\t<div class=\"elementor-widget-container\">\n\t\t\t\t\t\t\t\t<div class=\"elementor-text-editor elementor-clearfix\">\n\t\t\t\t<p>Aprenda m\u00e1s sobre ChildSafeguarding.com con una demostraci\u00f3n personal de nuestro equipo de atenci\u00f3n al cliente.<\/p>\t\t\t\t\t<\/div>\n\t\t\t\t\t\t<\/div>\n\t\t\t\t<\/div>\n\t\t\t\t\t\t<\/div>\n\t\t\t\t\t<\/div>\n\t\t<\/div>\n\t\t\t\t<div class=\"elementor-column elementor-col-50 elementor-inner-column elementor-element elementor-element-a659ba5\" data-id=\"a659ba5\" data-element_type=\"column\">\n\t\t\t<div class=\"elementor-column-wrap elementor-element-populated\">\n\t\t\t\t\t\t\t<div class=\"elementor-widget-wrap\">\n\t\t\t\t\t\t<div class=\"elementor-element elementor-element-ce198a8 elementor-align-center elementor-widget elementor-widget-button\" data-id=\"ce198a8\" data-element_type=\"widget\" data-widget_type=\"button.default\">\n\t\t\t\t<div class=\"elementor-widget-container\">\n\t\t\t\t\t<div class=\"elementor-button-wrapper\">\n\t\t\t<a href=\"https:\/\/csawa.re\/LearnMore\" target=\"_blank\" class=\"elementor-button-link elementor-button elementor-size-sm\" role=\"button\">\n\t\t\t\t\t\t<span class=\"elementor-button-content-wrapper\">\n\t\t\t\t\t\t<span class=\"elementor-button-text\">RESERVE UNA CITA<\/span>\n\t\t<\/span>\n\t\t\t\t\t<\/a>\n\t\t<\/div>\n\t\t\t\t<\/div>\n\t\t\t\t<\/div>\n\t\t\t\t\t\t<\/div>\n\t\t\t\t\t<\/div>\n\t\t<\/div>\n\t\t\t\t\t\t\t\t<\/div>\n\t\t\t\t\t<\/div>\n\t\t<\/section>\n\t\t\t\t\t\t<\/div>\n\t\t\t\t\t<\/div>\n\t\t<\/div>\n\t\t\t\t\t\t\t\t<\/div>\n\t\t\t\t\t<\/div>\n\t\t<\/section>\n\t\t\t\t\t\t\t<\/div>\n\t\t\t\t<\/div>\n\t\t\t\t<\/div>\n\t\t\t\t<\/div>\n\t\t\t\t<\/div>\n\t\t\t\t\t\t<\/div>\n\t\t\t\t\t<\/div>\n\t\t<\/div>\n\t\t\t\t\t\t\t\t<\/div>\n\t\t\t\t\t<\/div>\n\t\t<\/section>\n\t\t\t\t\t\t\t\t\t<\/div>\n\t\t\t<\/div>\n\t\t\t\t\t<\/div>\n\t\t","protected":false},"excerpt":{"rendered":"<p>Testimonios de Clientes PROVEEDORES DE SERVICIO Los proveedores de servicios son proveedores externos contratados que ofrecen servicios a una escuela. Sus empleados deben estar capacitados con el mismo est\u00e1ndar de Protecci\u00f3n Infantil que el personal empleado directamente por la escuela. ChildSafeguarding.com fue dise\u00f1ado para trabajar con proveedores y escuelas. Lea m\u00e1s sobre sus experiencias con [&hellip;]<\/p>\n","protected":false},"author":1,"featured_media":0,"parent":0,"menu_order":0,"comment_status":"closed","ping_status":"closed","template":"elementor_header_footer","meta":{"_mi_skip_tracking":false},"wf_page_folders":[],"yoast_head":"<!-- This site is optimized with the Yoast SEO Premium plugin v18.0 (Yoast SEO v19.9) - https:\/\/yoast.com\/wordpress\/plugins\/seo\/ -->\n<title>Lista de testimonios para proveedores de servicios - ChildSafeguarding.com<\/title>\n<meta name=\"robots\" content=\"index, follow, max-snippet:-1, max-image-preview:large, max-video-preview:-1\" \/>\n<link rel=\"canonical\" href=\"https:\/\/silly-heisenberg.70-35-202-176.plesk.page\/es\/lista-de-testimonios-para-proveedores-de-servicios\" \/>\n<meta property=\"og:locale\" content=\"es_ES\" \/>\n<meta property=\"og:type\" content=\"article\" \/>\n<meta property=\"og:title\" content=\"Lista de testimonios para proveedores de servicios\" \/>\n<meta property=\"og:description\" content=\"Testimonios de Clientes PROVEEDORES DE SERVICIO Los proveedores de servicios son proveedores externos contratados que ofrecen servicios a una escuela. Sus empleados deben estar capacitados con el mismo est\u00e1ndar de Protecci\u00f3n Infantil que el personal empleado directamente por la escuela. ChildSafeguarding.com fue dise\u00f1ado para trabajar con proveedores y escuelas. Lea m\u00e1s sobre sus experiencias con [&hellip;]\" \/>\n<meta property=\"og:url\" content=\"https:\/\/silly-heisenberg.70-35-202-176.plesk.page\/es\/lista-de-testimonios-para-proveedores-de-servicios\" \/>\n<meta property=\"og:site_name\" content=\"ChildSafeguarding.com\" \/>\n<meta property=\"article:publisher\" content=\"https:\/\/www.facebook.com\/childsafeaware\" \/>\n<meta property=\"article:modified_time\" content=\"2022-05-15T15:25:49+00:00\" \/>\n<meta property=\"og:image\" content=\"https:\/\/silly-heisenberg.70-35-202-176.plesk.page\/wp-content\/uploads\/2022\/02\/Universally-Accessible-Child-Protection-Training-ChildSafeguarding.com_.png\" \/>\n<meta name=\"twitter:card\" content=\"summary_large_image\" \/>\n<meta name=\"twitter:site\" content=\"@childsafeaware\" \/>\n<script type=\"application\/ld+json\" class=\"yoast-schema-graph\">{\"@context\":\"https:\/\/schema.org\",\"@graph\":[{\"@type\":\"WebPage\",\"@id\":\"https:\/\/silly-heisenberg.70-35-202-176.plesk.page\/es\/lista-de-testimonios-para-proveedores-de-servicios\",\"url\":\"https:\/\/silly-heisenberg.70-35-202-176.plesk.page\/es\/lista-de-testimonios-para-proveedores-de-servicios\",\"name\":\"Lista de testimonios para proveedores de servicios - ChildSafeguarding.com\",\"isPartOf\":{\"@id\":\"https:\/\/silly-heisenberg.70-35-202-176.plesk.page\/#website\"},\"datePublished\":\"2022-02-03T13:12:46+00:00\",\"dateModified\":\"2022-05-15T15:25:49+00:00\",\"breadcrumb\":{\"@id\":\"https:\/\/silly-heisenberg.70-35-202-176.plesk.page\/es\/lista-de-testimonios-para-proveedores-de-servicios#breadcrumb\"},\"inLanguage\":\"es\",\"potentialAction\":[{\"@type\":\"ReadAction\",\"target\":[\"https:\/\/silly-heisenberg.70-35-202-176.plesk.page\/es\/lista-de-testimonios-para-proveedores-de-servicios\"]}]},{\"@type\":\"BreadcrumbList\",\"@id\":\"https:\/\/silly-heisenberg.70-35-202-176.plesk.page\/es\/lista-de-testimonios-para-proveedores-de-servicios#breadcrumb\",\"itemListElement\":[{\"@type\":\"ListItem\",\"position\":1,\"name\":\"Home\",\"item\":\"https:\/\/silly-heisenberg.70-35-202-176.plesk.page\/es\"},{\"@type\":\"ListItem\",\"position\":2,\"name\":\"Lista de testimonios para proveedores de servicios\"}]},{\"@type\":\"WebSite\",\"@id\":\"https:\/\/silly-heisenberg.70-35-202-176.plesk.page\/#website\",\"url\":\"https:\/\/silly-heisenberg.70-35-202-176.plesk.page\/\",\"name\":\"ChildSafeguarding.com\",\"description\":\"Child Protection Training for School Support Staff\",\"publisher\":{\"@id\":\"https:\/\/silly-heisenberg.70-35-202-176.plesk.page\/#organization\"},\"potentialAction\":[{\"@type\":\"SearchAction\",\"target\":{\"@type\":\"EntryPoint\",\"urlTemplate\":\"https:\/\/silly-heisenberg.70-35-202-176.plesk.page\/?s={search_term_string}\"},\"query-input\":\"required name=search_term_string\"}],\"inLanguage\":\"es\"},{\"@type\":\"Organization\",\"@id\":\"https:\/\/silly-heisenberg.70-35-202-176.plesk.page\/#organization\",\"name\":\"Childsafeguarding.com\",\"url\":\"https:\/\/silly-heisenberg.70-35-202-176.plesk.page\/\",\"logo\":{\"@type\":\"ImageObject\",\"inLanguage\":\"es\",\"@id\":\"https:\/\/silly-heisenberg.70-35-202-176.plesk.page\/#\/schema\/logo\/image\/\",\"url\":\"https:\/\/silly-heisenberg.70-35-202-176.plesk.page\/wp-content\/uploads\/2020\/05\/CSG_Logo_100219_01.png\",\"contentUrl\":\"https:\/\/silly-heisenberg.70-35-202-176.plesk.page\/wp-content\/uploads\/2020\/05\/CSG_Logo_100219_01.png\",\"width\":1200,\"height\":229,\"caption\":\"Childsafeguarding.com\"},\"image\":{\"@id\":\"https:\/\/silly-heisenberg.70-35-202-176.plesk.page\/#\/schema\/logo\/image\/\"},\"sameAs\":[\"https:\/\/www.facebook.com\/childsafeaware\",\"https:\/\/twitter.com\/childsafeaware\"]}]}<\/script>\n<!-- \/ Yoast SEO Premium plugin. -->","yoast_head_json":{"title":"Lista de testimonios para proveedores de servicios - ChildSafeguarding.com","robots":{"index":"index","follow":"follow","max-snippet":"max-snippet:-1","max-image-preview":"max-image-preview:large","max-video-preview":"max-video-preview:-1"},"canonical":"https:\/\/silly-heisenberg.70-35-202-176.plesk.page\/es\/lista-de-testimonios-para-proveedores-de-servicios","og_locale":"es_ES","og_type":"article","og_title":"Lista de testimonios para proveedores de servicios","og_description":"Testimonios de Clientes PROVEEDORES DE SERVICIO Los proveedores de servicios son proveedores externos contratados que ofrecen servicios a una escuela. Sus empleados deben estar capacitados con el mismo est\u00e1ndar de Protecci\u00f3n Infantil que el personal empleado directamente por la escuela. ChildSafeguarding.com fue dise\u00f1ado para trabajar con proveedores y escuelas. Lea m\u00e1s sobre sus experiencias con [&hellip;]","og_url":"https:\/\/silly-heisenberg.70-35-202-176.plesk.page\/es\/lista-de-testimonios-para-proveedores-de-servicios","og_site_name":"ChildSafeguarding.com","article_publisher":"https:\/\/www.facebook.com\/childsafeaware","article_modified_time":"2022-05-15T15:25:49+00:00","og_image":[{"url":"https:\/\/silly-heisenberg.70-35-202-176.plesk.page\/wp-content\/uploads\/2022\/02\/Universally-Accessible-Child-Protection-Training-ChildSafeguarding.com_.png"}],"twitter_card":"summary_large_image","twitter_site":"@childsafeaware","schema":{"@context":"https:\/\/schema.org","@graph":[{"@type":"WebPage","@id":"https:\/\/silly-heisenberg.70-35-202-176.plesk.page\/es\/lista-de-testimonios-para-proveedores-de-servicios","url":"https:\/\/silly-heisenberg.70-35-202-176.plesk.page\/es\/lista-de-testimonios-para-proveedores-de-servicios","name":"Lista de testimonios para proveedores de servicios - ChildSafeguarding.com","isPartOf":{"@id":"https:\/\/silly-heisenberg.70-35-202-176.plesk.page\/#website"},"datePublished":"2022-02-03T13:12:46+00:00","dateModified":"2022-05-15T15:25:49+00:00","breadcrumb":{"@id":"https:\/\/silly-heisenberg.70-35-202-176.plesk.page\/es\/lista-de-testimonios-para-proveedores-de-servicios#breadcrumb"},"inLanguage":"es","potentialAction":[{"@type":"ReadAction","target":["https:\/\/silly-heisenberg.70-35-202-176.plesk.page\/es\/lista-de-testimonios-para-proveedores-de-servicios"]}]},{"@type":"BreadcrumbList","@id":"https:\/\/silly-heisenberg.70-35-202-176.plesk.page\/es\/lista-de-testimonios-para-proveedores-de-servicios#breadcrumb","itemListElement":[{"@type":"ListItem","position":1,"name":"Home","item":"https:\/\/silly-heisenberg.70-35-202-176.plesk.page\/es"},{"@type":"ListItem","position":2,"name":"Lista de testimonios para proveedores de servicios"}]},{"@type":"WebSite","@id":"https:\/\/silly-heisenberg.70-35-202-176.plesk.page\/#website","url":"https:\/\/silly-heisenberg.70-35-202-176.plesk.page\/","name":"ChildSafeguarding.com","description":"Child Protection Training for School Support Staff","publisher":{"@id":"https:\/\/silly-heisenberg.70-35-202-176.plesk.page\/#organization"},"potentialAction":[{"@type":"SearchAction","target":{"@type":"EntryPoint","urlTemplate":"https:\/\/silly-heisenberg.70-35-202-176.plesk.page\/?s={search_term_string}"},"query-input":"required name=search_term_string"}],"inLanguage":"es"},{"@type":"Organization","@id":"https:\/\/silly-heisenberg.70-35-202-176.plesk.page\/#organization","name":"Childsafeguarding.com","url":"https:\/\/silly-heisenberg.70-35-202-176.plesk.page\/","logo":{"@type":"ImageObject","inLanguage":"es","@id":"https:\/\/silly-heisenberg.70-35-202-176.plesk.page\/#\/schema\/logo\/image\/","url":"https:\/\/silly-heisenberg.70-35-202-176.plesk.page\/wp-content\/uploads\/2020\/05\/CSG_Logo_100219_01.png","contentUrl":"https:\/\/silly-heisenberg.70-35-202-176.plesk.page\/wp-content\/uploads\/2020\/05\/CSG_Logo_100219_01.png","width":1200,"height":229,"caption":"Childsafeguarding.com"},"image":{"@id":"https:\/\/silly-heisenberg.70-35-202-176.plesk.page\/#\/schema\/logo\/image\/"},"sameAs":["https:\/\/www.facebook.com\/childsafeaware","https:\/\/twitter.com\/childsafeaware"]}]}},"_links":{"self":[{"href":"https:\/\/silly-heisenberg.70-35-202-176.plesk.page\/es\/wp-json\/wp\/v2\/pages\/14090"}],"collection":[{"href":"https:\/\/silly-heisenberg.70-35-202-176.plesk.page\/es\/wp-json\/wp\/v2\/pages"}],"about":[{"href":"https:\/\/silly-heisenberg.70-35-202-176.plesk.page\/es\/wp-json\/wp\/v2\/types\/page"}],"author":[{"embeddable":true,"href":"https:\/\/silly-heisenberg.70-35-202-176.plesk.page\/es\/wp-json\/wp\/v2\/users\/1"}],"replies":[{"embeddable":true,"href":"https:\/\/silly-heisenberg.70-35-202-176.plesk.page\/es\/wp-json\/wp\/v2\/comments?post=14090"}],"version-history":[{"count":0,"href":"https:\/\/silly-heisenberg.70-35-202-176.plesk.page\/es\/wp-json\/wp\/v2\/pages\/14090\/revisions"}],"wp:attachment":[{"href":"https:\/\/silly-heisenberg.70-35-202-176.plesk.page\/es\/wp-json\/wp\/v2\/media?parent=14090"}],"wp:term":[{"taxonomy":"wf_page_folders","embeddable":true,"href":"https:\/\/silly-heisenberg.70-35-202-176.plesk.page\/es\/wp-json\/wp\/v2\/wf_page_folders?post=14090"}],"curies":[{"name":"wp","href":"https:\/\/api.w.org\/{rel}","templated":true}]}}